{"id":789,"date":"2024-08-18T06:11:24","date_gmt":"2024-08-18T06:11:24","guid":{"rendered":"https:\/\/keelehaldjas.ee\/?page_id=789"},"modified":"2024-09-29T11:42:49","modified_gmt":"2024-09-29T11:42:49","slug":"lapse-hindamine-j-strebaleva-metoodikaga","status":"publish","type":"page","link":"https:\/\/keelehaldjas.ee\/ru\/teenused-ja-hinnakiri\/lapse-hindamine-j-strebaleva-metoodikaga\/","title":{"rendered":"\u041e\u0446\u0435\u043d\u043a\u0430 \u0443\u0440\u043e\u0432\u043d\u044f \u0440\u0430\u0437\u0432\u0438\u0442\u0438\u044f \u0440\u0435\u0431\u0435\u043d\u043a\u0430 \u043f\u043e \u043c\u0435\u0442\u043e\u0434\u0438\u043a\u0435 \u0415. \u0421\u0442\u0440\u0435\u0431\u0435\u043b\u0435\u0432\u043e\u0439"},"content":{"rendered":"<div data-elementor-type=\"wp-page\" data-elementor-id=\"789\" class=\"elementor elementor-789\">\n\t\t\t\t<div class=\"elementor-element elementor-element-744564c7 e-con-full e-flex e-con e-parent\" data-id=\"744564c7\" data-element_type=\"container\" data-e-type=\"container\" data-settings=\"{&quot;background_background&quot;:&quot;classic&quot;}\">\n\t\t<div class=\"elementor-element elementor-element-6179ce49 e-con-full e-flex e-con e-child\" data-id=\"6179ce49\" data-element_type=\"container\" data-e-type=\"container\">\n\t\t\t\t<div class=\"elementor-element elementor-element-524a933c elementor-invisible elementor-widget elementor-widget-image\" data-id=\"524a933c\" data-element_type=\"widget\" data-e-type=\"widget\" data-settings=\"{&quot;_animation&quot;:&quot;fadeIn&quot;}\" data-widget_type=\"image.default\">\n\t\t\t\t<div class=\"elementor-widget-container\">\n\t\t\t\t\t\t\t\t\t\t\t\t\t\t\t<img fetchpriority=\"high\" decoding=\"async\" width=\"2500\" height=\"2500\" src=\"https:\/\/keelehaldjas.ee\/wp-content\/uploads\/2024\/08\/Keelehaldjas-frame-pictures-copy-3.png\" class=\"attachment-full size-full wp-image-791\" alt=\"\" srcset=\"https:\/\/keelehaldjas.ee\/wp-content\/uploads\/2024\/08\/Keelehaldjas-frame-pictures-copy-3.png 2500w, https:\/\/keelehaldjas.ee\/wp-content\/uploads\/2024\/08\/Keelehaldjas-frame-pictures-copy-3-300x300.png 300w, https:\/\/keelehaldjas.ee\/wp-content\/uploads\/2024\/08\/Keelehaldjas-frame-pictures-copy-3-1024x1024.png 1024w, https:\/\/keelehaldjas.ee\/wp-content\/uploads\/2024\/08\/Keelehaldjas-frame-pictures-copy-3-150x150.png 150w, https:\/\/keelehaldjas.ee\/wp-content\/uploads\/2024\/08\/Keelehaldjas-frame-pictures-copy-3-768x768.png 768w, https:\/\/keelehaldjas.ee\/wp-content\/uploads\/2024\/08\/Keelehaldjas-frame-pictures-copy-3-1536x1536.png 1536w, https:\/\/keelehaldjas.ee\/wp-content\/uploads\/2024\/08\/Keelehaldjas-frame-pictures-copy-3-2048x2048.png 2048w, https:\/\/keelehaldjas.ee\/wp-content\/uploads\/2024\/08\/Keelehaldjas-frame-pictures-copy-3-1320x1320.png 1320w\" sizes=\"(max-width: 2500px) 100vw, 2500px\" \/>\t\t\t\t\t\t\t\t\t\t\t\t\t\t\t<\/div>\n\t\t\t\t<\/div>\n\t\t\t\t<\/div>\n\t\t<div class=\"elementor-element elementor-element-571b96b7 e-con-full e-flex e-con e-child\" data-id=\"571b96b7\" data-element_type=\"container\" data-e-type=\"container\">\n\t\t\t\t<div class=\"elementor-element elementor-element-3c82445f elementor-invisible elementor-widget elementor-widget-text-editor\" data-id=\"3c82445f\" data-element_type=\"widget\" data-e-type=\"widget\" data-settings=\"{&quot;_animation&quot;:&quot;fadeInDown&quot;}\" data-widget_type=\"text-editor.default\">\n\t\t\t\t<div class=\"elementor-widget-container\">\n\t\t\t\t\t\t\t\t\t<p><span style=\"font-weight: 400;\">Leiame lapse tugevused ja n\u00f5rkused<\/span><\/p>\t\t\t\t\t\t\t\t<\/div>\n\t\t\t\t<\/div>\n\t\t\t\t<div class=\"elementor-element elementor-element-7634d18d elementor-invisible elementor-widget elementor-widget-heading\" data-id=\"7634d18d\" data-element_type=\"widget\" data-e-type=\"widget\" data-settings=\"{&quot;_animation&quot;:&quot;fadeInRight&quot;}\" data-widget_type=\"heading.default\">\n\t\t\t\t<div class=\"elementor-widget-container\">\n\t\t\t\t\t<h2 class=\"elementor-heading-title elementor-size-default\">Lapse hindamine J. Strebeleva metoodikaga <\/h2>\t\t\t\t<\/div>\n\t\t\t\t<\/div>\n\t\t\t\t<div class=\"elementor-element elementor-element-2beff5f0 elementor-invisible elementor-widget elementor-widget-text-editor\" data-id=\"2beff5f0\" data-element_type=\"widget\" data-e-type=\"widget\" data-settings=\"{&quot;_animation&quot;:&quot;fadeInRight&quot;}\" data-widget_type=\"text-editor.default\">\n\t\t\t\t<div class=\"elementor-widget-container\">\n\t\t\t\t\t\t\t\t\t<p><span style=\"font-weight: 400;\">Metoodika on v\u00e4lja t\u00f6\u00f6tatud Venemaa Haridusakadeemia Moskva Korrektsioonipedagoogika\u00a0 instituudi professori Jelena A. Strebeleva poolt. Antud metoodikaga antakse hinnang lapse ps\u00fchhiliste protsesside ta tunnetustegevuse arengutasemele ja k\u00f5ne arengule ning annab \u00fclevaate nii lapse tugevatest kui ka arendamist vajavatest oskustest. Saadud teadmised lapse arengutaseme kohta aitavad koostada lapsele optimaalse teraapiaplaani.<\/span><\/p>\t\t\t\t\t\t\t\t<\/div>\n\t\t\t\t<\/div>\n\t\t\t\t<div class=\"elementor-element elementor-element-8db8f7f elementor-align-center elementor-invisible elementor-widget elementor-widget-button\" data-id=\"8db8f7f\" data-element_type=\"widget\" data-e-type=\"widget\" data-settings=\"{&quot;_animation&quot;:&quot;bounceIn&quot;}\" data-widget_type=\"button.default\">\n\t\t\t\t<div class=\"elementor-widget-container\">\n\t\t\t\t\t\t\t\t\t<div class=\"elementor-button-wrapper\">\n\t\t\t\t\t<a class=\"elementor-button elementor-button-link elementor-size-sm\" href=\"https:\/\/keelehaldjas.ee\/ru\/teenused-ja-hinnakiri\/\">\n\t\t\t\t\t\t<span class=\"elementor-button-content-wrapper\">\n\t\t\t\t\t\t\t\t\t<span class=\"elementor-button-text\">\u0417\u0430\u0431\u0440\u043e\u043d\u0438\u0440\u0443\u0439 \u0432\u0440\u0435\u043c\u044f<\/span>\n\t\t\t\t\t<\/span>\n\t\t\t\t\t<\/a>\n\t\t\t\t<\/div>\n\t\t\t\t\t\t\t\t<\/div>\n\t\t\t\t<\/div>\n\t\t\t\t<\/div>\n\t\t\t\t<\/div>\n\t\t<div class=\"elementor-element elementor-element-35846809 e-flex e-con-boxed e-con e-parent\" data-id=\"35846809\" data-element_type=\"container\" data-e-type=\"container\" data-settings=\"{&quot;background_background&quot;:&quot;classic&quot;}\">\n\t\t\t\t\t<div class=\"e-con-inner\">\n\t\t\t\t<div class=\"elementor-element elementor-element-28b65a34 elementor-invisible elementor-widget elementor-widget-text-editor\" data-id=\"28b65a34\" data-element_type=\"widget\" data-e-type=\"widget\" data-settings=\"{&quot;_animation&quot;:&quot;fadeInDown&quot;}\" data-widget_type=\"text-editor.default\">\n\t\t\t\t<div class=\"elementor-widget-container\">\n\t\t\t\t\t\t\t\t\t<p>\u041f\u043e\u0437\u043d\u0430\u043a\u043e\u043c\u044c\u0442\u0435\u0441\u044c \u0441 \u043a\u043e\u043c\u0430\u043d\u0434\u043e\u0439<\/p>\t\t\t\t\t\t\t\t<\/div>\n\t\t\t\t<\/div>\n\t\t\t\t<div class=\"elementor-element elementor-element-76b4249c elementor-invisible elementor-widget elementor-widget-heading\" data-id=\"76b4249c\" data-element_type=\"widget\" data-e-type=\"widget\" data-settings=\"{&quot;_animation&quot;:&quot;fadeIn&quot;}\" data-widget_type=\"heading.default\">\n\t\t\t\t<div class=\"elementor-widget-container\">\n\t\t\t\t\t<h2 class=\"elementor-heading-title elementor-size-default\">\u041d\u0430\u0448\u0438 Keelehaldjad<\/h2>\t\t\t\t<\/div>\n\t\t\t\t<\/div>\n\t\t\t\t\t<\/div>\n\t\t\t\t<\/div>\n\t\t<div class=\"elementor-element elementor-element-5b58a092 e-flex e-con-boxed e-con e-parent\" data-id=\"5b58a092\" data-element_type=\"container\" data-e-type=\"container\" data-settings=\"{&quot;background_background&quot;:&quot;classic&quot;}\">\n\t\t\t\t\t<div class=\"e-con-inner\">\n\t\t<div class=\"elementor-element elementor-element-195ff4c9 e-con-full e-flex elementor-invisible e-con e-child\" data-id=\"195ff4c9\" data-element_type=\"container\" data-e-type=\"container\" data-settings=\"{&quot;animation&quot;:&quot;fadeInLeft&quot;}\">\n\t\t\t\t<div class=\"elementor-element elementor-element-28e16204 elementor-widget elementor-widget-image\" data-id=\"28e16204\" data-element_type=\"widget\" data-e-type=\"widget\" data-widget_type=\"image.default\">\n\t\t\t\t<div class=\"elementor-widget-container\">\n\t\t\t\t\t\t\t\t\t\t\t\t\t\t\t<img decoding=\"async\" width=\"1024\" height=\"1024\" src=\"https:\/\/keelehaldjas.ee\/wp-content\/uploads\/2024\/08\/4-1024x1024.png\" class=\"attachment-large size-large wp-image-680\" alt=\"\" srcset=\"https:\/\/keelehaldjas.ee\/wp-content\/uploads\/2024\/08\/4-1024x1024.png 1024w, https:\/\/keelehaldjas.ee\/wp-content\/uploads\/2024\/08\/4-300x300.png 300w, https:\/\/keelehaldjas.ee\/wp-content\/uploads\/2024\/08\/4-150x150.png 150w, https:\/\/keelehaldjas.ee\/wp-content\/uploads\/2024\/08\/4-768x768.png 768w, https:\/\/keelehaldjas.ee\/wp-content\/uploads\/2024\/08\/4-1536x1536.png 1536w, https:\/\/keelehaldjas.ee\/wp-content\/uploads\/2024\/08\/4-1320x1320.png 1320w, https:\/\/keelehaldjas.ee\/wp-content\/uploads\/2024\/08\/4.png 2000w\" sizes=\"(max-width: 1024px) 100vw, 1024px\" \/>\t\t\t\t\t\t\t\t\t\t\t\t\t\t\t<\/div>\n\t\t\t\t<\/div>\n\t\t\t\t<div class=\"elementor-element elementor-element-5c7ce9fe elementor-widget elementor-widget-text-editor\" data-id=\"5c7ce9fe\" data-element_type=\"widget\" data-e-type=\"widget\" data-widget_type=\"text-editor.default\">\n\t\t\t\t<div class=\"elementor-widget-container\">\n\t\t\t\t\t\t\t\t\t<p>\u0421\u0412\u0415\u0422\u041b\u0410\u041d\u0410 \u041c\u0410\u0413\u0415\u0420<\/p>\t\t\t\t\t\t\t\t<\/div>\n\t\t\t\t<\/div>\n\t\t\t\t<div class=\"elementor-element elementor-element-5e39c7a0 elementor-widget elementor-widget-text-editor\" data-id=\"5e39c7a0\" data-element_type=\"widget\" data-e-type=\"widget\" data-widget_type=\"text-editor.default\">\n\t\t\t\t<div class=\"elementor-widget-container\">\n\t\t\t\t\t\t\t\t\t<p>\u0421\u043f\u0435\u0446\u0438\u0430\u043b\u044c\u043d\u044b\u0435 \u043f\u0435\u0434\u0430\u0433\u043e\u0433\u0438-\u043b\u043e\u0433\u043e\u043f\u0435\u0434\u044b<\/p>\t\t\t\t\t\t\t\t<\/div>\n\t\t\t\t<\/div>\n\t\t\t\t<\/div>\n\t\t<div class=\"elementor-element elementor-element-58c91207 e-con-full e-flex elementor-invisible e-con e-child\" data-id=\"58c91207\" data-element_type=\"container\" data-e-type=\"container\" data-settings=\"{&quot;animation&quot;:&quot;fadeInRight&quot;}\">\n\t\t\t\t<div class=\"elementor-element elementor-element-705e6ca0 elementor-widget elementor-widget-image\" data-id=\"705e6ca0\" data-element_type=\"widget\" data-e-type=\"widget\" data-widget_type=\"image.default\">\n\t\t\t\t<div class=\"elementor-widget-container\">\n\t\t\t\t\t\t\t\t\t\t\t\t\t\t\t<img decoding=\"async\" width=\"1024\" height=\"1024\" src=\"https:\/\/keelehaldjas.ee\/wp-content\/uploads\/2024\/08\/3-1024x1024.png\" class=\"attachment-large size-large wp-image-681\" alt=\"\" srcset=\"https:\/\/keelehaldjas.ee\/wp-content\/uploads\/2024\/08\/3-1024x1024.png 1024w, https:\/\/keelehaldjas.ee\/wp-content\/uploads\/2024\/08\/3-300x300.png 300w, https:\/\/keelehaldjas.ee\/wp-content\/uploads\/2024\/08\/3-150x150.png 150w, https:\/\/keelehaldjas.ee\/wp-content\/uploads\/2024\/08\/3-768x768.png 768w, https:\/\/keelehaldjas.ee\/wp-content\/uploads\/2024\/08\/3-1536x1536.png 1536w, https:\/\/keelehaldjas.ee\/wp-content\/uploads\/2024\/08\/3-1320x1320.png 1320w, https:\/\/keelehaldjas.ee\/wp-content\/uploads\/2024\/08\/3.png 2000w\" sizes=\"(max-width: 1024px) 100vw, 1024px\" \/>\t\t\t\t\t\t\t\t\t\t\t\t\t\t\t<\/div>\n\t\t\t\t<\/div>\n\t\t\t\t<div class=\"elementor-element elementor-element-3facb596 elementor-widget elementor-widget-text-editor\" data-id=\"3facb596\" data-element_type=\"widget\" data-e-type=\"widget\" data-widget_type=\"text-editor.default\">\n\t\t\t\t<div class=\"elementor-widget-container\">\n\t\t\t\t\t\t\t\t\t<p>\u041a\u0420\u0418\u0421\u0422\u0418\u041d \u0421\u041e\u041e\u041d\u0415<\/p>\t\t\t\t\t\t\t\t<\/div>\n\t\t\t\t<\/div>\n\t\t\t\t<div class=\"elementor-element elementor-element-5553f7d elementor-widget elementor-widget-text-editor\" data-id=\"5553f7d\" data-element_type=\"widget\" data-e-type=\"widget\" data-widget_type=\"text-editor.default\">\n\t\t\t\t<div class=\"elementor-widget-container\">\n\t\t\t\t\t\t\t\t\t<p>\u0421\u043f\u0435\u0446\u0438\u0430\u043b\u044c\u043d\u044b\u0435 \u043f\u0435\u0434\u0430\u0433\u043e\u0433\u0438-\u043b\u043e\u0433\u043e\u043f\u0435\u0434\u044b<\/p>\t\t\t\t\t\t\t\t<\/div>\n\t\t\t\t<\/div>\n\t\t\t\t<\/div>\n\t\t\t\t\t<\/div>\n\t\t\t\t<\/div>\n\t\t<div class=\"elementor-element elementor-element-1111499 e-flex e-con-boxed e-con e-parent\" data-id=\"1111499\" data-element_type=\"container\" data-e-type=\"container\" data-settings=\"{&quot;background_background&quot;:&quot;classic&quot;}\">\n\t\t\t\t\t<div class=\"e-con-inner\">\n\t\t\t\t<div class=\"elementor-element elementor-element-7b602501 elementor-align-center elementor-invisible elementor-widget elementor-widget-button\" data-id=\"7b602501\" data-element_type=\"widget\" data-e-type=\"widget\" data-settings=\"{&quot;_animation&quot;:&quot;bounceIn&quot;}\" data-widget_type=\"button.default\">\n\t\t\t\t<div class=\"elementor-widget-container\">\n\t\t\t\t\t\t\t\t\t<div class=\"elementor-button-wrapper\">\n\t\t\t\t\t<a class=\"elementor-button elementor-button-link elementor-size-sm\" href=\"https:\/\/keelehaldjas.ee\/ru\/meist\/\">\n\t\t\t\t\t\t<span class=\"elementor-button-content-wrapper\">\n\t\t\t\t\t\t\t\t\t<span class=\"elementor-button-text\">\u041e \u043d\u0430\u0441 \u043f\u043e\u0434\u0440\u043e\u0431\u043d\u0435\u0435 &gt;&gt;<\/span>\n\t\t\t\t\t<\/span>\n\t\t\t\t\t<\/a>\n\t\t\t\t<\/div>\n\t\t\t\t\t\t\t\t<\/div>\n\t\t\t\t<\/div>\n\t\t\t\t\t<\/div>\n\t\t\t\t<\/div>\n\t\t<div class=\"elementor-element elementor-element-2116fc1a e-flex e-con-boxed e-con e-parent\" data-id=\"2116fc1a\" data-element_type=\"container\" data-e-type=\"container\">\n\t\t\t\t\t<div class=\"e-con-inner\">\n\t\t\t\t\t<\/div>\n\t\t\t\t<\/div>\n\t\t\t\t<\/div>","protected":false},"excerpt":{"rendered":"<p>Leiame lapse tugevused ja n\u00f5rkused Lapse hindamine J. Strebeleva metoodikaga Metoodika on v\u00e4lja t\u00f6\u00f6tatud Venemaa Haridusakadeemia Moskva Korrektsioonipedagoogika\u00a0 instituudi professori Jelena A. Strebeleva poolt. Antud metoodikaga antakse hinnang lapse ps\u00fchhiliste protsesside ta tunnetustegevuse arengutasemele ja k\u00f5ne arengule ning annab \u00fclevaate nii lapse tugevatest kui ka arendamist vajavatest oskustest. Saadud teadmised lapse arengutaseme kohta aitavad koostada [&hellip;]<\/p>\n","protected":false},"author":1,"featured_media":0,"parent":495,"menu_order":3,"comment_status":"closed","ping_status":"closed","template":"","meta":{"site-sidebar-layout":"no-sidebar","site-content-layout":"","ast-site-content-layout":"full-width-container","site-content-style":"default","site-sidebar-style":"default","ast-global-header-display":"","ast-banner-title-visibility":"","ast-main-header-display":"","ast-hfb-above-header-display":"","ast-hfb-below-header-display":"","ast-hfb-mobile-header-display":"","site-post-title":"disabled","ast-breadcrumbs-content":"","ast-featured-img":"disabled","footer-sml-layout":"","ast-disable-related-posts":"","theme-transparent-header-meta":"default","adv-header-id-meta":"","stick-header-meta":"","header-above-stick-meta":"","header-main-stick-meta":"","header-below-stick-meta":"","astra-migrate-meta-layouts":"set","ast-page-background-enabled":"default","ast-page-background-meta":{"desktop":{"background-color":"var(--ast-global-color-4)","background-image":"","background-repeat":"repeat","background-position":"center center","background-size":"auto","background-attachment":"scroll","background-type":"","background-media":"","overlay-type":"","overlay-color":"","overlay-opacity":"","overlay-gradient":""},"tablet":{"background-color":"","background-image":"","background-repeat":"repeat","background-position":"center center","background-size":"auto","background-attachment":"scroll","background-type":"","background-media":"","overlay-type":"","overlay-color":"","overlay-opacity":"","overlay-gradient":""},"mobile":{"background-color":"","background-image":"","background-repeat":"repeat","background-position":"center center","background-size":"auto","background-attachment":"scroll","background-type":"","background-media":"","overlay-type":"","overlay-color":"","overlay-opacity":"","overlay-gradient":""}},"ast-content-background-meta":{"desktop":{"background-color":"var(--ast-global-color-5)","background-image":"","background-repeat":"repeat","background-position":"center center","background-size":"auto","background-attachment":"scroll","background-type":"","background-media":"","overlay-type":"","overlay-color":"","overlay-opacity":"","overlay-gradient":""},"tablet":{"background-color":"var(--ast-global-color-5)","background-image":"","background-repeat":"repeat","background-position":"center center","background-size":"auto","background-attachment":"scroll","background-type":"","background-media":"","overlay-type":"","overlay-color":"","overlay-opacity":"","overlay-gradient":""},"mobile":{"background-color":"var(--ast-global-color-5)","background-image":"","background-repeat":"repeat","background-position":"center center","background-size":"auto","background-attachment":"scroll","background-type":"","background-media":"","overlay-type":"","overlay-color":"","overlay-opacity":"","overlay-gradient":""}},"footnotes":""},"class_list":["post-789","page","type-page","status-publish","hentry"],"_links":{"self":[{"href":"https:\/\/keelehaldjas.ee\/ru\/wp-json\/wp\/v2\/pages\/789","targetHints":{"allow":["GET"]}}],"collection":[{"href":"https:\/\/keelehaldjas.ee\/ru\/wp-json\/wp\/v2\/pages"}],"about":[{"href":"https:\/\/keelehaldjas.ee\/ru\/wp-json\/wp\/v2\/types\/page"}],"author":[{"embeddable":true,"href":"https:\/\/keelehaldjas.ee\/ru\/wp-json\/wp\/v2\/users\/1"}],"replies":[{"embeddable":true,"href":"https:\/\/keelehaldjas.ee\/ru\/wp-json\/wp\/v2\/comments?post=789"}],"version-history":[{"count":5,"href":"https:\/\/keelehaldjas.ee\/ru\/wp-json\/wp\/v2\/pages\/789\/revisions"}],"predecessor-version":[{"id":1335,"href":"https:\/\/keelehaldjas.ee\/ru\/wp-json\/wp\/v2\/pages\/789\/revisions\/1335"}],"up":[{"embeddable":true,"href":"https:\/\/keelehaldjas.ee\/ru\/wp-json\/wp\/v2\/pages\/495"}],"wp:attachment":[{"href":"https:\/\/keelehaldjas.ee\/ru\/wp-json\/wp\/v2\/media?parent=789"}],"curies":[{"name":"wp","href":"https:\/\/api.w.org\/{rel}","templated":true}]}}