{"id":804,"date":"2024-08-18T06:16:40","date_gmt":"2024-08-18T06:16:40","guid":{"rendered":"https:\/\/keelehaldjas.ee\/?page_id=804"},"modified":"2025-10-30T16:00:56","modified_gmt":"2025-10-30T16:00:56","slug":"neurodefektoloogilise-arengu-hindamine","status":"publish","type":"page","link":"https:\/\/keelehaldjas.ee\/ru\/teenused-ja-hinnakiri\/neurodefektoloogilise-arengu-hindamine\/","title":{"rendered":"\u041d\u0435\u0439\u0440\u043e\u0434\u0435\u0444\u0435\u043a\u0442\u043e\u043b\u043e\u0433\u0438\u0447\u0435\u0441\u043a\u0430\u044f \u0434\u0438\u0430\u0433\u043d\u043e\u0441\u0442\u0438\u043a\u0430"},"content":{"rendered":"<div data-elementor-type=\"wp-page\" data-elementor-id=\"804\" class=\"elementor elementor-804\">\n\t\t\t\t<div class=\"elementor-element elementor-element-47825cd7 e-con-full e-flex e-con e-parent\" data-id=\"47825cd7\" data-element_type=\"container\" data-e-type=\"container\" data-settings=\"{&quot;background_background&quot;:&quot;classic&quot;}\">\n\t\t<div class=\"elementor-element elementor-element-4aa5d227 e-con-full e-flex e-con e-child\" data-id=\"4aa5d227\" data-element_type=\"container\" data-e-type=\"container\">\n\t\t\t\t<div class=\"elementor-element elementor-element-353bf6a5 elementor-invisible elementor-widget elementor-widget-image\" data-id=\"353bf6a5\" data-element_type=\"widget\" data-e-type=\"widget\" data-settings=\"{&quot;_animation&quot;:&quot;fadeIn&quot;}\" data-widget_type=\"image.default\">\n\t\t\t\t<div class=\"elementor-widget-container\">\n\t\t\t\t\t\t\t\t\t\t\t\t\t\t\t<img fetchpriority=\"high\" decoding=\"async\" width=\"2000\" height=\"2000\" src=\"https:\/\/keelehaldjas.ee\/wp-content\/uploads\/2024\/08\/Keelehaldjas-frame-pictures-copy-4.png\" class=\"attachment-full size-full wp-image-806\" alt=\"\" srcset=\"https:\/\/keelehaldjas.ee\/wp-content\/uploads\/2024\/08\/Keelehaldjas-frame-pictures-copy-4.png 2000w, https:\/\/keelehaldjas.ee\/wp-content\/uploads\/2024\/08\/Keelehaldjas-frame-pictures-copy-4-300x300.png 300w, https:\/\/keelehaldjas.ee\/wp-content\/uploads\/2024\/08\/Keelehaldjas-frame-pictures-copy-4-1024x1024.png 1024w, https:\/\/keelehaldjas.ee\/wp-content\/uploads\/2024\/08\/Keelehaldjas-frame-pictures-copy-4-150x150.png 150w, https:\/\/keelehaldjas.ee\/wp-content\/uploads\/2024\/08\/Keelehaldjas-frame-pictures-copy-4-768x768.png 768w, https:\/\/keelehaldjas.ee\/wp-content\/uploads\/2024\/08\/Keelehaldjas-frame-pictures-copy-4-1536x1536.png 1536w, https:\/\/keelehaldjas.ee\/wp-content\/uploads\/2024\/08\/Keelehaldjas-frame-pictures-copy-4-1320x1320.png 1320w\" sizes=\"(max-width: 2000px) 100vw, 2000px\" \/>\t\t\t\t\t\t\t\t\t\t\t\t\t\t\t<\/div>\n\t\t\t\t<\/div>\n\t\t\t\t<\/div>\n\t\t<div class=\"elementor-element elementor-element-43b845fc e-con-full e-flex e-con e-child\" data-id=\"43b845fc\" data-element_type=\"container\" data-e-type=\"container\">\n\t\t\t\t<div class=\"elementor-element elementor-element-5477dce elementor-invisible elementor-widget elementor-widget-text-editor\" data-id=\"5477dce\" data-element_type=\"widget\" data-e-type=\"widget\" data-settings=\"{&quot;_animation&quot;:&quot;fadeInDown&quot;}\" data-widget_type=\"text-editor.default\">\n\t\t\t\t<div class=\"elementor-widget-container\">\n\t\t\t\t\t\t\t\t\t<p><span style=\"font-weight: 400;\">\u041c\u044b \u043f\u043e\u043c\u043e\u0433\u0430\u0435\u043c \u0440\u0435\u0431\u0435\u043d\u043a\u0443 \u0440\u0430\u0437\u0432\u0438\u0432\u0430\u0442\u044c\u0441\u044f<\/span><\/p>\t\t\t\t\t\t\t\t<\/div>\n\t\t\t\t<\/div>\n\t\t\t\t<div class=\"elementor-element elementor-element-7b39bd27 elementor-invisible elementor-widget elementor-widget-heading\" data-id=\"7b39bd27\" data-element_type=\"widget\" data-e-type=\"widget\" data-settings=\"{&quot;_animation&quot;:&quot;fadeInRight&quot;}\" data-widget_type=\"heading.default\">\n\t\t\t\t<div class=\"elementor-widget-container\">\n\t\t\t\t\t<h2 class=\"elementor-heading-title elementor-size-default\">\u041d\u0435\u0439\u0440\u043e\u0434\u0435\u0444\u0435\u043a\u0442\u043e\u043b\u043e\u0433\u0438\u0447\u0435\u0441\u043a\u0430\u044f \u0434\u0438\u0430\u0433\u043d\u043e\u0441\u0442\u0438\u043a\u0430<\/h2>\t\t\t\t<\/div>\n\t\t\t\t<\/div>\n\t\t\t\t<div class=\"elementor-element elementor-element-b8ff81b elementor-invisible elementor-widget elementor-widget-text-editor\" data-id=\"b8ff81b\" data-element_type=\"widget\" data-e-type=\"widget\" data-settings=\"{&quot;_animation&quot;:&quot;fadeInRight&quot;}\" data-widget_type=\"text-editor.default\">\n\t\t\t\t<div class=\"elementor-widget-container\">\n\t\t\t\t\t\t\t\t\t<p><span style=\"font-weight: 400;\">Neurodefektoloogiline diagnostika on testide meetod, mille k\u00e4igus antakse hinnang k\u00f5nele ning tunnetustegevuseks ja ps\u00fc\u00fchiliste protsesside t\u00f6\u00f6ks vajalikele ajut\u00f6\u00f6 protsessidele. Diagnostika aitab koostada lapsele teraapiaplaani edasiseks optimaalseks arendustegevuseks. <\/span><\/p>\t\t\t\t\t\t\t\t<\/div>\n\t\t\t\t<\/div>\n\t\t\t\t<div class=\"elementor-element elementor-element-7eb3a710 elementor-align-center elementor-invisible elementor-widget elementor-widget-button\" data-id=\"7eb3a710\" data-element_type=\"widget\" data-e-type=\"widget\" data-settings=\"{&quot;_animation&quot;:&quot;bounceIn&quot;}\" data-widget_type=\"button.default\">\n\t\t\t\t<div class=\"elementor-widget-container\">\n\t\t\t\t\t\t\t\t\t<div class=\"elementor-button-wrapper\">\n\t\t\t\t\t<a class=\"elementor-button elementor-button-link elementor-size-sm\" href=\"https:\/\/keelehaldjas.ee\/ru\/teenused-ja-hinnakiri\/\">\n\t\t\t\t\t\t<span class=\"elementor-button-content-wrapper\">\n\t\t\t\t\t\t\t\t\t<span class=\"elementor-button-text\">\u0417\u0430\u0431\u0440\u043e\u043d\u0438\u0440\u0443\u0439 \u0432\u0440\u0435\u043c\u044f<\/span>\n\t\t\t\t\t<\/span>\n\t\t\t\t\t<\/a>\n\t\t\t\t<\/div>\n\t\t\t\t\t\t\t\t<\/div>\n\t\t\t\t<\/div>\n\t\t\t\t<\/div>\n\t\t\t\t<\/div>\n\t\t<div class=\"elementor-element elementor-element-e62fa35 e-flex e-con-boxed e-con e-parent\" data-id=\"e62fa35\" data-element_type=\"container\" data-e-type=\"container\" data-settings=\"{&quot;background_background&quot;:&quot;classic&quot;}\">\n\t\t\t\t\t<div class=\"e-con-inner\">\n\t\t\t\t<div class=\"elementor-element elementor-element-1f8521d elementor-invisible elementor-widget elementor-widget-text-editor\" data-id=\"1f8521d\" data-element_type=\"widget\" data-e-type=\"widget\" data-settings=\"{&quot;_animation&quot;:&quot;fadeInDown&quot;}\" data-widget_type=\"text-editor.default\">\n\t\t\t\t<div class=\"elementor-widget-container\">\n\t\t\t\t\t\t\t\t\t<p>\u041f\u043e\u0437\u043d\u0430\u043a\u043e\u043c\u044c\u0442\u0435\u0441\u044c \u0441 \u043a\u043e\u043c\u0430\u043d\u0434\u043e\u0439<\/p>\t\t\t\t\t\t\t\t<\/div>\n\t\t\t\t<\/div>\n\t\t\t\t<div class=\"elementor-element elementor-element-831836f elementor-invisible elementor-widget elementor-widget-heading\" data-id=\"831836f\" data-element_type=\"widget\" data-e-type=\"widget\" data-settings=\"{&quot;_animation&quot;:&quot;fadeIn&quot;}\" data-widget_type=\"heading.default\">\n\t\t\t\t<div class=\"elementor-widget-container\">\n\t\t\t\t\t<h2 class=\"elementor-heading-title elementor-size-default\">\u041d\u0430\u0448\u0438 Keelehaldjad<\/h2>\t\t\t\t<\/div>\n\t\t\t\t<\/div>\n\t\t\t\t\t<\/div>\n\t\t\t\t<\/div>\n\t\t<div class=\"elementor-element elementor-element-bb7ea30 e-flex e-con-boxed e-con e-parent\" data-id=\"bb7ea30\" data-element_type=\"container\" data-e-type=\"container\" data-settings=\"{&quot;background_background&quot;:&quot;classic&quot;}\">\n\t\t\t\t\t<div class=\"e-con-inner\">\n\t\t<div class=\"elementor-element elementor-element-9dbbaac e-con-full e-flex elementor-invisible e-con e-child\" data-id=\"9dbbaac\" data-element_type=\"container\" data-e-type=\"container\" data-settings=\"{&quot;animation&quot;:&quot;fadeInLeft&quot;}\">\n\t\t\t\t<div class=\"elementor-element elementor-element-fc494fb elementor-widget elementor-widget-image\" data-id=\"fc494fb\" data-element_type=\"widget\" data-e-type=\"widget\" data-widget_type=\"image.default\">\n\t\t\t\t<div class=\"elementor-widget-container\">\n\t\t\t\t\t\t\t\t\t\t\t\t\t\t\t<img decoding=\"async\" width=\"1024\" height=\"1024\" src=\"https:\/\/keelehaldjas.ee\/wp-content\/uploads\/2024\/08\/4-1024x1024.png\" class=\"attachment-large size-large wp-image-680\" alt=\"\" srcset=\"https:\/\/keelehaldjas.ee\/wp-content\/uploads\/2024\/08\/4-1024x1024.png 1024w, https:\/\/keelehaldjas.ee\/wp-content\/uploads\/2024\/08\/4-300x300.png 300w, https:\/\/keelehaldjas.ee\/wp-content\/uploads\/2024\/08\/4-150x150.png 150w, https:\/\/keelehaldjas.ee\/wp-content\/uploads\/2024\/08\/4-768x768.png 768w, https:\/\/keelehaldjas.ee\/wp-content\/uploads\/2024\/08\/4-1536x1536.png 1536w, https:\/\/keelehaldjas.ee\/wp-content\/uploads\/2024\/08\/4-1320x1320.png 1320w, https:\/\/keelehaldjas.ee\/wp-content\/uploads\/2024\/08\/4.png 2000w\" sizes=\"(max-width: 1024px) 100vw, 1024px\" \/>\t\t\t\t\t\t\t\t\t\t\t\t\t\t\t<\/div>\n\t\t\t\t<\/div>\n\t\t\t\t<div class=\"elementor-element elementor-element-a8a12b9 elementor-widget elementor-widget-text-editor\" data-id=\"a8a12b9\" data-element_type=\"widget\" data-e-type=\"widget\" data-widget_type=\"text-editor.default\">\n\t\t\t\t<div class=\"elementor-widget-container\">\n\t\t\t\t\t\t\t\t\t<p>\u0421\u0412\u0415\u0422\u041b\u0410\u041d\u0410 \u041c\u0410\u0413\u0415\u0420<\/p>\t\t\t\t\t\t\t\t<\/div>\n\t\t\t\t<\/div>\n\t\t\t\t<div class=\"elementor-element elementor-element-69191e7 elementor-widget elementor-widget-text-editor\" data-id=\"69191e7\" data-element_type=\"widget\" data-e-type=\"widget\" data-widget_type=\"text-editor.default\">\n\t\t\t\t<div class=\"elementor-widget-container\">\n\t\t\t\t\t\t\t\t\t<p>\u0421\u043f\u0435\u0446\u0438\u0430\u043b\u044c\u043d\u044b\u0435 \u043f\u0435\u0434\u0430\u0433\u043e\u0433\u0438-\u043b\u043e\u0433\u043e\u043f\u0435\u0434\u044b<\/p>\t\t\t\t\t\t\t\t<\/div>\n\t\t\t\t<\/div>\n\t\t\t\t<\/div>\n\t\t<div class=\"elementor-element elementor-element-46f8d30 e-con-full e-flex elementor-invisible e-con e-child\" data-id=\"46f8d30\" data-element_type=\"container\" data-e-type=\"container\" data-settings=\"{&quot;animation&quot;:&quot;fadeInRight&quot;}\">\n\t\t\t\t<div class=\"elementor-element elementor-element-c2f6f3d elementor-widget elementor-widget-image\" data-id=\"c2f6f3d\" data-element_type=\"widget\" data-e-type=\"widget\" data-widget_type=\"image.default\">\n\t\t\t\t<div class=\"elementor-widget-container\">\n\t\t\t\t\t\t\t\t\t\t\t\t\t\t\t<img decoding=\"async\" width=\"1024\" height=\"1024\" src=\"https:\/\/keelehaldjas.ee\/wp-content\/uploads\/2024\/08\/3-1024x1024.png\" class=\"attachment-large size-large wp-image-681\" alt=\"\" srcset=\"https:\/\/keelehaldjas.ee\/wp-content\/uploads\/2024\/08\/3-1024x1024.png 1024w, https:\/\/keelehaldjas.ee\/wp-content\/uploads\/2024\/08\/3-300x300.png 300w, https:\/\/keelehaldjas.ee\/wp-content\/uploads\/2024\/08\/3-150x150.png 150w, https:\/\/keelehaldjas.ee\/wp-content\/uploads\/2024\/08\/3-768x768.png 768w, https:\/\/keelehaldjas.ee\/wp-content\/uploads\/2024\/08\/3-1536x1536.png 1536w, https:\/\/keelehaldjas.ee\/wp-content\/uploads\/2024\/08\/3-1320x1320.png 1320w, https:\/\/keelehaldjas.ee\/wp-content\/uploads\/2024\/08\/3.png 2000w\" sizes=\"(max-width: 1024px) 100vw, 1024px\" \/>\t\t\t\t\t\t\t\t\t\t\t\t\t\t\t<\/div>\n\t\t\t\t<\/div>\n\t\t\t\t<div class=\"elementor-element elementor-element-1b942b3 elementor-widget elementor-widget-text-editor\" data-id=\"1b942b3\" data-element_type=\"widget\" data-e-type=\"widget\" data-widget_type=\"text-editor.default\">\n\t\t\t\t<div class=\"elementor-widget-container\">\n\t\t\t\t\t\t\t\t\t<p>\u041a\u0420\u0418\u0421\u0422\u0418\u041d \u0421\u041e\u041e\u041d\u0415<\/p>\t\t\t\t\t\t\t\t<\/div>\n\t\t\t\t<\/div>\n\t\t\t\t<div class=\"elementor-element elementor-element-5e7b850 elementor-widget elementor-widget-text-editor\" data-id=\"5e7b850\" data-element_type=\"widget\" data-e-type=\"widget\" data-widget_type=\"text-editor.default\">\n\t\t\t\t<div class=\"elementor-widget-container\">\n\t\t\t\t\t\t\t\t\t<p>Eripedagoog ja m\u00fcofunktsionaalne terapeut<\/p>\t\t\t\t\t\t\t\t<\/div>\n\t\t\t\t<\/div>\n\t\t\t\t<\/div>\n\t\t\t\t\t<\/div>\n\t\t\t\t<\/div>\n\t\t<div class=\"elementor-element elementor-element-012e633 e-flex e-con-boxed e-con e-parent\" data-id=\"012e633\" data-element_type=\"container\" data-e-type=\"container\" data-settings=\"{&quot;background_background&quot;:&quot;classic&quot;}\">\n\t\t\t\t\t<div class=\"e-con-inner\">\n\t\t\t\t<div class=\"elementor-element elementor-element-f299f7c elementor-align-center elementor-invisible elementor-widget elementor-widget-button\" data-id=\"f299f7c\" data-element_type=\"widget\" data-e-type=\"widget\" data-settings=\"{&quot;_animation&quot;:&quot;bounceIn&quot;}\" data-widget_type=\"button.default\">\n\t\t\t\t<div class=\"elementor-widget-container\">\n\t\t\t\t\t\t\t\t\t<div class=\"elementor-button-wrapper\">\n\t\t\t\t\t<a class=\"elementor-button elementor-button-link elementor-size-sm\" href=\"https:\/\/keelehaldjas.ee\/ru\/meist\/\">\n\t\t\t\t\t\t<span class=\"elementor-button-content-wrapper\">\n\t\t\t\t\t\t\t\t\t<span class=\"elementor-button-text\">\u041e \u043d\u0430\u0441 \u043f\u043e\u0434\u0440\u043e\u0431\u043d\u0435\u0435 &gt;&gt;<\/span>\n\t\t\t\t\t<\/span>\n\t\t\t\t\t<\/a>\n\t\t\t\t<\/div>\n\t\t\t\t\t\t\t\t<\/div>\n\t\t\t\t<\/div>\n\t\t\t\t\t<\/div>\n\t\t\t\t<\/div>\n\t\t\t\t<\/div>","protected":false},"excerpt":{"rendered":"<p>Aitame lapsel areneda Neurodefektoloogiline arengu hindamine Neurodefektoloogiline diagnostika on testide meetod, mille k\u00e4igus antakse hinnang k\u00f5nele ning tunnetustegevuseks ja ps\u00fc\u00fchiliste protsesside t\u00f6\u00f6ks vajalikele ajut\u00f6\u00f6 protsessidele. Diagnostika aitab koostada lapsele teraapiaplaani edasiseks optimaalseks arendustegevuseks. Broneeri aeg Tutvu meeskonnaga Meie Keelehaldjad SVETLANA MAGER Eripedagoog-logopeed KRISTIN SOONE Eripedagoog ja m\u00fcofunktsionaalne terapeut Loe meist l\u00e4hemalt &gt;&gt;<\/p>","protected":false},"author":1,"featured_media":0,"parent":495,"menu_order":4,"comment_status":"closed","ping_status":"closed","template":"","meta":{"site-sidebar-layout":"no-sidebar","site-content-layout":"","ast-site-content-layout":"full-width-container","site-content-style":"default","site-sidebar-style":"default","ast-global-header-display":"","ast-banner-title-visibility":"","ast-main-header-display":"","ast-hfb-above-header-display":"","ast-hfb-below-header-display":"","ast-hfb-mobile-header-display":"","site-post-title":"disabled","ast-breadcrumbs-content":"","ast-featured-img":"disabled","footer-sml-layout":"","ast-disable-related-posts":"","theme-transparent-header-meta":"default","adv-header-id-meta":"","stick-header-meta":"","header-above-stick-meta":"","header-main-stick-meta":"","header-below-stick-meta":"","astra-migrate-meta-layouts":"set","ast-page-background-enabled":"default","ast-page-background-meta":{"desktop":{"background-color":"var(--ast-global-color-4)","background-image":"","background-repeat":"repeat","background-position":"center center","background-size":"auto","background-attachment":"scroll","background-type":"","background-media":"","overlay-type":"","overlay-color":"","overlay-opacity":"","overlay-gradient":""},"tablet":{"background-color":"","background-image":"","background-repeat":"repeat","background-position":"center center","background-size":"auto","background-attachment":"scroll","background-type":"","background-media":"","overlay-type":"","overlay-color":"","overlay-opacity":"","overlay-gradient":""},"mobile":{"background-color":"","background-image":"","background-repeat":"repeat","background-position":"center center","background-size":"auto","background-attachment":"scroll","background-type":"","background-media":"","overlay-type":"","overlay-color":"","overlay-opacity":"","overlay-gradient":""}},"ast-content-background-meta":{"desktop":{"background-color":"var(--ast-global-color-5)","background-image":"","background-repeat":"repeat","background-position":"center center","background-size":"auto","background-attachment":"scroll","background-type":"","background-media":"","overlay-type":"","overlay-color":"","overlay-opacity":"","overlay-gradient":""},"tablet":{"background-color":"var(--ast-global-color-5)","background-image":"","background-repeat":"repeat","background-position":"center center","background-size":"auto","background-attachment":"scroll","background-type":"","background-media":"","overlay-type":"","overlay-color":"","overlay-opacity":"","overlay-gradient":""},"mobile":{"background-color":"var(--ast-global-color-5)","background-image":"","background-repeat":"repeat","background-position":"center center","background-size":"auto","background-attachment":"scroll","background-type":"","background-media":"","overlay-type":"","overlay-color":"","overlay-opacity":"","overlay-gradient":""}},"footnotes":""},"class_list":["post-804","page","type-page","status-publish","hentry"],"_links":{"self":[{"href":"https:\/\/keelehaldjas.ee\/ru\/wp-json\/wp\/v2\/pages\/804","targetHints":{"allow":["GET"]}}],"collection":[{"href":"https:\/\/keelehaldjas.ee\/ru\/wp-json\/wp\/v2\/pages"}],"about":[{"href":"https:\/\/keelehaldjas.ee\/ru\/wp-json\/wp\/v2\/types\/page"}],"author":[{"embeddable":true,"href":"https:\/\/keelehaldjas.ee\/ru\/wp-json\/wp\/v2\/users\/1"}],"replies":[{"embeddable":true,"href":"https:\/\/keelehaldjas.ee\/ru\/wp-json\/wp\/v2\/comments?post=804"}],"version-history":[{"count":5,"href":"https:\/\/keelehaldjas.ee\/ru\/wp-json\/wp\/v2\/pages\/804\/revisions"}],"predecessor-version":[{"id":1659,"href":"https:\/\/keelehaldjas.ee\/ru\/wp-json\/wp\/v2\/pages\/804\/revisions\/1659"}],"up":[{"embeddable":true,"href":"https:\/\/keelehaldjas.ee\/ru\/wp-json\/wp\/v2\/pages\/495"}],"wp:attachment":[{"href":"https:\/\/keelehaldjas.ee\/ru\/wp-json\/wp\/v2\/media?parent=804"}],"curies":[{"name":"wp","href":"https:\/\/api.w.org\/{rel}","templated":true}]}}