{"id":854,"date":"2024-08-18T08:15:52","date_gmt":"2024-08-18T08:15:52","guid":{"rendered":"https:\/\/keelehaldjas.ee\/?page_id=854"},"modified":"2026-02-02T10:42:35","modified_gmt":"2026-02-02T10:42:35","slug":"kontakt","status":"publish","type":"page","link":"https:\/\/keelehaldjas.ee\/ru\/kontakt\/","title":{"rendered":"Kontakt"},"content":{"rendered":"<div data-elementor-type=\"wp-page\" data-elementor-id=\"854\" class=\"elementor elementor-854\">\n\t\t\t\t<div class=\"elementor-element elementor-element-3350cdc6 e-con-full e-flex e-con e-parent\" data-id=\"3350cdc6\" data-element_type=\"container\" data-e-type=\"container\" data-settings=\"{&quot;background_background&quot;:&quot;classic&quot;}\">\n\t\t<div class=\"elementor-element elementor-element-788fe154 e-con-full e-flex e-con e-child\" data-id=\"788fe154\" data-element_type=\"container\" data-e-type=\"container\">\n\t\t\t\t<div class=\"elementor-element elementor-element-567d5282 elementor-invisible elementor-widget elementor-widget-text-editor\" data-id=\"567d5282\" data-element_type=\"widget\" data-e-type=\"widget\" data-settings=\"{&quot;_animation&quot;:&quot;fadeInDown&quot;}\" data-widget_type=\"text-editor.default\">\n\t\t\t\t<div class=\"elementor-widget-container\">\n\t\t\t\t\t\t\t\t\t<p><span style=\"font-weight: 400;\">\u0421\u0432\u044f\u0436\u0438\u0441\u044c \u0441 \u043d\u0430\u043c\u0438<\/span><\/p>\t\t\t\t\t\t\t\t<\/div>\n\t\t\t\t<\/div>\n\t\t\t\t<div class=\"elementor-element elementor-element-174ca803 elementor-invisible elementor-widget elementor-widget-heading\" data-id=\"174ca803\" data-element_type=\"widget\" data-e-type=\"widget\" data-settings=\"{&quot;_animation&quot;:&quot;fadeInLeft&quot;}\" data-widget_type=\"heading.default\">\n\t\t\t\t<div class=\"elementor-widget-container\">\n\t\t\t\t\t<h2 class=\"elementor-heading-title elementor-size-default\">Leia abi, mida vajad!<\/h2>\t\t\t\t<\/div>\n\t\t\t\t<\/div>\n\t\t\t\t<div class=\"elementor-element elementor-element-3ce57a71 elementor-invisible elementor-widget elementor-widget-text-editor\" data-id=\"3ce57a71\" data-element_type=\"widget\" data-e-type=\"widget\" data-settings=\"{&quot;_animation&quot;:&quot;fadeInLeft&quot;}\" data-widget_type=\"text-editor.default\">\n\t\t\t\t<div class=\"elementor-widget-container\">\n\t\t\t\t\t\t\t\t\t<p><span style=\"font-weight: 400;\">Kui m\u00e4rkate oma lapse k\u00f5nes murettekitavaid m\u00e4rke v\u00f5i soovite lihtsalt n\u00f5u pidada oma lapse toetamiseks, v\u00f5tke meiega julgelt \u00fchendust! Meie k\u00f5neterapeudid on siin, et pakkuda abi ja toetust teie lapse k\u00f5ne arengule. <\/span><span style=\"font-weight: 400;\">\u0412\u043c\u0435\u0441\u0442\u0435 \u043b\u0435\u0433\u0447\u0435!<\/span><\/p>\t\t\t\t\t\t\t\t<\/div>\n\t\t\t\t<\/div>\n\t\t\t\t<\/div>\n\t\t<div class=\"elementor-element elementor-element-7c7edfa5 e-con-full e-flex e-con e-child\" data-id=\"7c7edfa5\" data-element_type=\"container\" data-e-type=\"container\">\n\t\t\t\t<div class=\"elementor-element elementor-element-3469e2bb elementor-invisible elementor-widget elementor-widget-image\" data-id=\"3469e2bb\" data-element_type=\"widget\" data-e-type=\"widget\" data-settings=\"{&quot;_animation&quot;:&quot;fadeIn&quot;}\" data-widget_type=\"image.default\">\n\t\t\t\t<div class=\"elementor-widget-container\">\n\t\t\t\t\t\t\t\t\t\t\t\t\t\t\t<img fetchpriority=\"high\" decoding=\"async\" width=\"2000\" height=\"2000\" src=\"https:\/\/keelehaldjas.ee\/wp-content\/uploads\/2024\/08\/Keelehaldjas-frame-pictures-1.png\" class=\"attachment-full size-full wp-image-663\" alt=\"\" srcset=\"https:\/\/keelehaldjas.ee\/wp-content\/uploads\/2024\/08\/Keelehaldjas-frame-pictures-1.png 2000w, https:\/\/keelehaldjas.ee\/wp-content\/uploads\/2024\/08\/Keelehaldjas-frame-pictures-1-300x300.png 300w, https:\/\/keelehaldjas.ee\/wp-content\/uploads\/2024\/08\/Keelehaldjas-frame-pictures-1-1024x1024.png 1024w, https:\/\/keelehaldjas.ee\/wp-content\/uploads\/2024\/08\/Keelehaldjas-frame-pictures-1-150x150.png 150w, https:\/\/keelehaldjas.ee\/wp-content\/uploads\/2024\/08\/Keelehaldjas-frame-pictures-1-768x768.png 768w, https:\/\/keelehaldjas.ee\/wp-content\/uploads\/2024\/08\/Keelehaldjas-frame-pictures-1-1536x1536.png 1536w, https:\/\/keelehaldjas.ee\/wp-content\/uploads\/2024\/08\/Keelehaldjas-frame-pictures-1-1320x1320.png 1320w\" sizes=\"(max-width: 2000px) 100vw, 2000px\" \/>\t\t\t\t\t\t\t\t\t\t\t\t\t\t\t<\/div>\n\t\t\t\t<\/div>\n\t\t\t\t<\/div>\n\t\t\t\t<\/div>\n\t\t<div class=\"elementor-element elementor-element-73cb209 e-flex e-con-boxed e-con e-parent\" data-id=\"73cb209\" data-element_type=\"container\" data-e-type=\"container\" data-settings=\"{&quot;background_background&quot;:&quot;classic&quot;}\">\n\t\t\t\t\t<div class=\"e-con-inner\">\n\t\t<div class=\"elementor-element elementor-element-b673379 e-con-full e-flex e-con e-child\" data-id=\"b673379\" data-element_type=\"container\" data-e-type=\"container\">\n\t\t<div class=\"elementor-element elementor-element-91177b2 e-con-full e-flex e-con e-child\" data-id=\"91177b2\" data-element_type=\"container\" data-e-type=\"container\">\n\t\t\t\t<div class=\"elementor-element elementor-element-5820139 elementor-invisible elementor-widget elementor-widget-text-editor\" data-id=\"5820139\" data-element_type=\"widget\" data-e-type=\"widget\" data-settings=\"{&quot;_animation&quot;:&quot;fadeInDown&quot;}\" data-widget_type=\"text-editor.default\">\n\t\t\t\t<div class=\"elementor-widget-container\">\n\t\t\t\t\t\t\t\t\t<p><span style=\"font-weight: 400;\">Kirjuta v\u00f5i helista meile<\/span><\/p>\t\t\t\t\t\t\t\t<\/div>\n\t\t\t\t<\/div>\n\t\t\t\t<div class=\"elementor-element elementor-element-090c4d8 elementor-invisible elementor-widget elementor-widget-heading\" data-id=\"090c4d8\" data-element_type=\"widget\" data-e-type=\"widget\" data-settings=\"{&quot;_animation&quot;:&quot;fadeInLeft&quot;}\" data-widget_type=\"heading.default\">\n\t\t\t\t<div class=\"elementor-widget-container\">\n\t\t\t\t\t<h2 class=\"elementor-heading-title elementor-size-default\">Kontaktandmed<\/h2>\t\t\t\t<\/div>\n\t\t\t\t<\/div>\n\t\t\t\t<div class=\"elementor-element elementor-element-64cd366 elementor-invisible elementor-widget elementor-widget-text-editor\" data-id=\"64cd366\" data-element_type=\"widget\" data-e-type=\"widget\" data-settings=\"{&quot;_animation&quot;:&quot;fadeInLeft&quot;}\" data-widget_type=\"text-editor.default\">\n\t\t\t\t<div class=\"elementor-widget-container\">\n\t\t\t\t\t\t\t\t\t<p><a href=\"mailto:info@keelehaldjas.ee\">info@keelehaldjas.ee<\/a><\/p><p><span style=\"text-decoration: underline;\"><strong>Vastuv\u00f5tt Keelehaldja kabinetis<\/strong><\/span><\/p><p>\u0417\u0430\u0431\u0440\u043e\u043d\u0438\u0440\u0443\u0439 \u0432\u0440\u0435\u043c\u044f <a href=\"https:\/\/keelehaldjas.ee\/ru\/teenused-ja-hinnakiri\/\">\u0417\u0414\u0415\u0421\u042c<\/a><\/p><p>Betooni 7, Tallinn 11415<\/p><p>tel: <a href=\"tel:55528728\">+372 5552 8728<\/a> (eesti keeles)<br \/>tel: <a href=\"tel:59820233\">+372 5982 0233<\/a> (vene keeles)<\/p><p>Parkimine maja ees tasuta.<\/p><p><span style=\"text-decoration: underline;\"><strong>Vastuv\u00f5tt Glossomi tervisekliinikus<\/strong><\/span><\/p><p>\u0417\u0430\u0431\u0440\u043e\u043d\u0438\u0440\u0443\u0439 \u0432\u0440\u0435\u043c\u044f <a href=\"https:\/\/glossom.ee\/#\">\u0417\u0414\u0415\u0421\u042c<\/a><\/p><p>J\u00e4rve 2, Tallinn<\/p>\t\t\t\t\t\t\t\t<\/div>\n\t\t\t\t<\/div>\n\t\t\t\t<\/div>\n\t\t\t\t<\/div>\n\t\t<div class=\"elementor-element elementor-element-05a5978 e-con-full e-flex e-con e-child\" data-id=\"05a5978\" data-element_type=\"container\" data-e-type=\"container\">\n\t\t\t\t<div class=\"elementor-element elementor-element-94add26 elementor-invisible elementor-widget elementor-widget-google_maps\" data-id=\"94add26\" data-element_type=\"widget\" data-e-type=\"widget\" data-settings=\"{&quot;_animation&quot;:&quot;fadeIn&quot;}\" data-widget_type=\"google_maps.default\">\n\t\t\t\t<div class=\"elementor-widget-container\">\n\t\t\t\t\t\t\t<div class=\"elementor-custom-embed\">\n\t\t\t<iframe loading=\"lazy\"\n\t\t\t\t\tsrc=\"https:\/\/maps.google.com\/maps?q=Betooni%207%2C%20Tallinn&#038;t=m&#038;z=13&#038;output=embed&#038;iwloc=near\"\n\t\t\t\t\ttitle=\"Betooni 7, Tallinn\"\n\t\t\t\t\taria-label=\"Betooni 7, Tallinn\"\n\t\t\t><\/iframe>\n\t\t<\/div>\n\t\t\t\t\t\t<\/div>\n\t\t\t\t<\/div>\n\t\t\t\t<\/div>\n\t\t\t\t\t<\/div>\n\t\t\t\t<\/div>\n\t\t\t\t<\/div>","protected":false},"excerpt":{"rendered":"<p>V\u00f5ta meiega \u00fchendust Leia abi, mida vajad! Kui m\u00e4rkate oma lapse k\u00f5nes murettekitavaid m\u00e4rke v\u00f5i soovite lihtsalt n\u00f5u pidada oma lapse toetamiseks, v\u00f5tke meiega julgelt \u00fchendust! Meie k\u00f5neterapeudid on siin, et pakkuda abi ja toetust teie lapse k\u00f5ne arengule. Koos on lihtsam! Kirjuta v\u00f5i helista meile Kontaktandmed info@keelehaldjas.ee Vastuv\u00f5tt Keelehaldja kabinetis Broneeri aeg SIIN Betooni [&hellip;]<\/p>\n","protected":false},"author":1,"featured_media":0,"parent":0,"menu_order":0,"comment_status":"closed","ping_status":"closed","template":"","meta":{"site-sidebar-layout":"no-sidebar","site-content-layout":"","ast-site-content-layout":"full-width-container","site-content-style":"default","site-sidebar-style":"default","ast-global-header-display":"","ast-banner-title-visibility":"","ast-main-header-display":"","ast-hfb-above-header-display":"","ast-hfb-below-header-display":"","ast-hfb-mobile-header-display":"","site-post-title":"disabled","ast-breadcrumbs-content":"","ast-featured-img":"disabled","footer-sml-layout":"","ast-disable-related-posts":"","theme-transparent-header-meta":"default","adv-header-id-meta":"","stick-header-meta":"","header-above-stick-meta":"","header-main-stick-meta":"","header-below-stick-meta":"","astra-migrate-meta-layouts":"set","ast-page-background-enabled":"default","ast-page-background-meta":{"desktop":{"background-color":"var(--ast-global-color-4)","background-image":"","background-repeat":"repeat","background-position":"center center","background-size":"auto","background-attachment":"scroll","background-type":"","background-media":"","overlay-type":"","overlay-color":"","overlay-opacity":"","overlay-gradient":""},"tablet":{"background-color":"","background-image":"","background-repeat":"repeat","background-position":"center center","background-size":"auto","background-attachment":"scroll","background-type":"","background-media":"","overlay-type":"","overlay-color":"","overlay-opacity":"","overlay-gradient":""},"mobile":{"background-color":"","background-image":"","background-repeat":"repeat","background-position":"center center","background-size":"auto","background-attachment":"scroll","background-type":"","background-media":"","overlay-type":"","overlay-color":"","overlay-opacity":"","overlay-gradient":""}},"ast-content-background-meta":{"desktop":{"background-color":"var(--ast-global-color-5)","background-image":"","background-repeat":"repeat","background-position":"center center","background-size":"auto","background-attachment":"scroll","background-type":"","background-media":"","overlay-type":"","overlay-color":"","overlay-opacity":"","overlay-gradient":""},"tablet":{"background-color":"var(--ast-global-color-5)","background-image":"","background-repeat":"repeat","background-position":"center center","background-size":"auto","background-attachment":"scroll","background-type":"","background-media":"","overlay-type":"","overlay-color":"","overlay-opacity":"","overlay-gradient":""},"mobile":{"background-color":"var(--ast-global-color-5)","background-image":"","background-repeat":"repeat","background-position":"center center","background-size":"auto","background-attachment":"scroll","background-type":"","background-media":"","overlay-type":"","overlay-color":"","overlay-opacity":"","overlay-gradient":""}},"footnotes":""},"class_list":["post-854","page","type-page","status-publish","hentry"],"_links":{"self":[{"href":"https:\/\/keelehaldjas.ee\/ru\/wp-json\/wp\/v2\/pages\/854","targetHints":{"allow":["GET"]}}],"collection":[{"href":"https:\/\/keelehaldjas.ee\/ru\/wp-json\/wp\/v2\/pages"}],"about":[{"href":"https:\/\/keelehaldjas.ee\/ru\/wp-json\/wp\/v2\/types\/page"}],"author":[{"embeddable":true,"href":"https:\/\/keelehaldjas.ee\/ru\/wp-json\/wp\/v2\/users\/1"}],"replies":[{"embeddable":true,"href":"https:\/\/keelehaldjas.ee\/ru\/wp-json\/wp\/v2\/comments?post=854"}],"version-history":[{"count":5,"href":"https:\/\/keelehaldjas.ee\/ru\/wp-json\/wp\/v2\/pages\/854\/revisions"}],"predecessor-version":[{"id":1848,"href":"https:\/\/keelehaldjas.ee\/ru\/wp-json\/wp\/v2\/pages\/854\/revisions\/1848"}],"wp:attachment":[{"href":"https:\/\/keelehaldjas.ee\/ru\/wp-json\/wp\/v2\/media?parent=854"}],"curies":[{"name":"wp","href":"https:\/\/api.w.org\/{rel}","templated":true}]}}